{"id":1595,"date":"2014-02-06T11:48:52","date_gmt":"2014-02-06T10:48:52","guid":{"rendered":"https:\/\/www.progatec.se\/?page_id=1595"},"modified":"2020-06-24T13:51:06","modified_gmt":"2020-06-24T11:51:06","slug":"hem","status":"publish","type":"page","link":"https:\/\/www.progatec.se\/en\/","title":{"rendered":"Home"},"content":{"rendered":"<div class=\"fusion-fullwidth fullwidth-box fusion-builder-row-1 fusion-flex-container nonhundred-percent-fullwidth non-hundred-percent-height-scrolling\" style=\"--awb-background-position:left top;--awb-border-radius-top-left:0px;--awb-border-radius-top-right:0px;--awb-border-radius-bottom-right:0px;--awb-border-radius-bottom-left:0px;--awb-padding-top:40px;--awb-padding-bottom:60px;--awb-border-sizes-top:0px;--awb-border-sizes-bottom:0px;--awb-flex-wrap:wrap;\" ><div class=\"fusion-builder-row fusion-row fusion-flex-align-items-stretch fusion-flex-content-wrap\" style=\"max-width:1144px;margin-left: calc(-4% \/ 2 );margin-right: calc(-4% \/ 2 );\"><div class=\"fusion-layout-column fusion_builder_column fusion-builder-column-0 fusion_builder_column_1_4 1_4 fusion-flex-column\" style=\"--awb-bg-size:cover;--awb-width-large:25%;--awb-margin-top-large:0px;--awb-spacing-right-large:7.68%;--awb-margin-bottom-large:20px;--awb-spacing-left-large:7.68%;--awb-width-medium:25%;--awb-spacing-right-medium:7.68%;--awb-spacing-left-medium:7.68%;--awb-width-small:100%;--awb-spacing-right-small:1.92%;--awb-spacing-left-small:1.92%;\"><div class=\"fusion-column-wrapper fusion-flex-justify-content-flex-start fusion-content-layout-column\"><div class=\"fusion-image-element \" style=\"text-align:center;--awb-caption-title-font-family:var(--h2_typography-font-family);--awb-caption-title-font-weight:var(--h2_typography-font-weight);--awb-caption-title-font-style:var(--h2_typography-font-style);--awb-caption-title-size:var(--h2_typography-font-size);--awb-caption-title-transform:var(--h2_typography-text-transform);--awb-caption-title-line-height:var(--h2_typography-line-height);--awb-caption-title-letter-spacing:var(--h2_typography-letter-spacing);\"><span class=\" fusion-imageframe imageframe-none imageframe-1 hover-type-none\"><img decoding=\"async\" width=\"100\" height=\"100\" title=\"produktion\" src=\"https:\/\/www.progatec.se\/wp-content\/uploads\/2014\/10\/produktion.png\" alt class=\"img-responsive wp-image-1048\" srcset=\"https:\/\/www.progatec.se\/wp-content\/uploads\/2014\/10\/produktion-66x66.png 66w, https:\/\/www.progatec.se\/wp-content\/uploads\/2014\/10\/produktion.png 100w\" sizes=\"(max-width: 100px) 100vw, 100px\" \/><\/span><\/div><div class=\"fusion-title title fusion-title-1 fusion-sep-none fusion-title-center fusion-title-text fusion-title-size-two\"><h2 class=\"fusion-title-heading title-heading-center\" style=\"margin:0;\">Lego Manufacturing<\/h2><\/div><div class=\"fusion-text fusion-text-1\"><p style=\"text-align: center;\">Progatec AB is a modern engineering company with facilities located in Norrk\u00f6ping. We work primarily with the development, manufacture and installation of fully automatic varmf\u00f6rzinkningsanl\u00e4ggningar. In our workshop we also subcontract work in metal cutting, sheet metal and welding and water jet cutting.<\/p>\n<p style=\"text-align: center;\">We also have a design department dealing mainly with their own projects but that can also undertake assignments in Mechanical \/ Electrical engineering and PLC programming.<\/p>\n<\/div><div style=\"text-align:center;\"><a class=\"fusion-button button-flat fusion-button-default-size button-default fusion-button-default button-1 fusion-button-default-span fusion-button-default-type\" target=\"_self\" href=\"https:\/\/www.progatec.se\/en\/lego-manufacturing\/\"><span class=\"fusion-button-text awb-button__text awb-button__text--default\">Read more<\/span><\/a><\/div><\/div><\/div><div class=\"fusion-layout-column fusion_builder_column fusion-builder-column-1 fusion_builder_column_1_4 1_4 fusion-flex-column\" style=\"--awb-bg-size:cover;--awb-width-large:25%;--awb-margin-top-large:0px;--awb-spacing-right-large:7.68%;--awb-margin-bottom-large:20px;--awb-spacing-left-large:7.68%;--awb-width-medium:25%;--awb-spacing-right-medium:7.68%;--awb-spacing-left-medium:7.68%;--awb-width-small:100%;--awb-spacing-right-small:1.92%;--awb-spacing-left-small:1.92%;\"><div class=\"fusion-column-wrapper fusion-flex-justify-content-flex-start fusion-content-layout-column\"><div class=\"fusion-image-element \" style=\"text-align:center;--awb-caption-title-font-family:var(--h2_typography-font-family);--awb-caption-title-font-weight:var(--h2_typography-font-weight);--awb-caption-title-font-style:var(--h2_typography-font-style);--awb-caption-title-size:var(--h2_typography-font-size);--awb-caption-title-transform:var(--h2_typography-text-transform);--awb-caption-title-line-height:var(--h2_typography-line-height);--awb-caption-title-letter-spacing:var(--h2_typography-letter-spacing);\"><span class=\" fusion-imageframe imageframe-none imageframe-2 hover-type-none\"><img decoding=\"async\" width=\"100\" height=\"100\" title=\"vattenskarning\" src=\"https:\/\/www.progatec.se\/wp-content\/uploads\/2014\/10\/vattenskarning.png\" alt class=\"img-responsive wp-image-1054\" srcset=\"https:\/\/www.progatec.se\/wp-content\/uploads\/2014\/10\/vattenskarning-66x66.png 66w, https:\/\/www.progatec.se\/wp-content\/uploads\/2014\/10\/vattenskarning.png 100w\" sizes=\"(max-width: 100px) 100vw, 100px\" \/><\/span><\/div><div class=\"fusion-title title fusion-title-2 fusion-sep-none fusion-title-center fusion-title-text fusion-title-size-two\"><h2 class=\"fusion-title-heading title-heading-center\" style=\"margin:0;\">Waterjet Cutting<\/h2><\/div><div class=\"fusion-text fusion-text-2\"><p style=\"text-align: center;\">Waterjet is a manufacturing method in which water at high pressure (3000-4000 bar) and abrasive (sand) is concentrated to a thin beam for cutting various types of materials. Water cutting machine uses a coordinate-controlled system and thus provides a number of design and production advantages when you can cut virtually any shapes.<\/p>\n<p style=\"text-align: center;\">We are able to cut most materials with a thickness of 0.1-100mm. Certain materials up to 300mm. Our machinery is performed today mostly subcontract work, but also a large part of our own manufacture.<\/p>\n<\/div><div style=\"text-align:center;\"><a class=\"fusion-button button-flat fusion-button-default-size button-default fusion-button-default button-2 fusion-button-default-span fusion-button-default-type\" target=\"_self\" href=\"https:\/\/www.progatec.se\/en\/waterjet-cutting\/\"><span class=\"fusion-button-text awb-button__text awb-button__text--default\">Read more<\/span><\/a><\/div><\/div><\/div><div class=\"fusion-layout-column fusion_builder_column fusion-builder-column-2 fusion_builder_column_1_4 1_4 fusion-flex-column\" style=\"--awb-bg-size:cover;--awb-width-large:25%;--awb-margin-top-large:0px;--awb-spacing-right-large:7.68%;--awb-margin-bottom-large:20px;--awb-spacing-left-large:7.68%;--awb-width-medium:25%;--awb-spacing-right-medium:7.68%;--awb-spacing-left-medium:7.68%;--awb-width-small:100%;--awb-spacing-right-small:1.92%;--awb-spacing-left-small:1.92%;\"><div class=\"fusion-column-wrapper fusion-flex-justify-content-flex-start fusion-content-layout-column\"><div class=\"fusion-image-element \" style=\"text-align:center;--awb-caption-title-font-family:var(--h2_typography-font-family);--awb-caption-title-font-weight:var(--h2_typography-font-weight);--awb-caption-title-font-style:var(--h2_typography-font-style);--awb-caption-title-size:var(--h2_typography-font-size);--awb-caption-title-transform:var(--h2_typography-text-transform);--awb-caption-title-line-height:var(--h2_typography-line-height);--awb-caption-title-letter-spacing:var(--h2_typography-letter-spacing);\"><span class=\" fusion-imageframe imageframe-none imageframe-3 hover-type-none\"><img decoding=\"async\" width=\"100\" height=\"100\" title=\"ytbehandling\" src=\"https:\/\/www.progatec.se\/wp-content\/uploads\/2014\/10\/ytbehandling.png\" alt class=\"img-responsive wp-image-1057\" srcset=\"https:\/\/www.progatec.se\/wp-content\/uploads\/2014\/10\/ytbehandling-66x66.png 66w, https:\/\/www.progatec.se\/wp-content\/uploads\/2014\/10\/ytbehandling.png 100w\" sizes=\"(max-width: 100px) 100vw, 100px\" \/><\/span><\/div><div class=\"fusion-title title fusion-title-3 fusion-sep-none fusion-title-center fusion-title-text fusion-title-size-two\"><h2 class=\"fusion-title-heading title-heading-center\" style=\"margin:0;\">Surface Treatment Plant<\/h2><\/div><div class=\"fusion-text fusion-text-3\"><p style=\"text-align: center;\">Progatec AB\u2019s goal is to ensure your customer\u2019s specific conditions and find a solution to your specific finishing problems.<br \/>\nWe have years of experience in the design and production of systems for different types of surface treatment.<\/p>\n<p style=\"text-align: center;\">Our primary focus is towards galvanizing and applications in this area, but we can also offer both manual and automated solutions to fit most other surface treatment methods \u2013 and also to preparation and transportation for them.<\/p>\n<\/div><div style=\"text-align:center;\"><a class=\"fusion-button button-flat fusion-button-default-size button-default fusion-button-default button-3 fusion-button-default-span fusion-button-default-type\" target=\"_self\" href=\"https:\/\/www.progatec.se\/en\/surface-treatment-plant\/\"><span class=\"fusion-button-text awb-button__text awb-button__text--default\">Read more<\/span><\/a><\/div><\/div><\/div><div class=\"fusion-layout-column fusion_builder_column fusion-builder-column-3 fusion_builder_column_1_4 1_4 fusion-flex-column\" style=\"--awb-bg-size:cover;--awb-width-large:25%;--awb-margin-top-large:0px;--awb-spacing-right-large:7.68%;--awb-margin-bottom-large:20px;--awb-spacing-left-large:7.68%;--awb-width-medium:25%;--awb-spacing-right-medium:7.68%;--awb-spacing-left-medium:7.68%;--awb-width-small:100%;--awb-spacing-right-small:1.92%;--awb-spacing-left-small:1.92%;\"><div class=\"fusion-column-wrapper fusion-flex-justify-content-flex-start fusion-content-layout-column\"><div class=\"fusion-image-element \" style=\"text-align:center;--awb-caption-title-font-family:var(--h2_typography-font-family);--awb-caption-title-font-weight:var(--h2_typography-font-weight);--awb-caption-title-font-style:var(--h2_typography-font-style);--awb-caption-title-size:var(--h2_typography-font-size);--awb-caption-title-transform:var(--h2_typography-text-transform);--awb-caption-title-line-height:var(--h2_typography-line-height);--awb-caption-title-letter-spacing:var(--h2_typography-letter-spacing);\"><span class=\" fusion-imageframe imageframe-none imageframe-4 hover-type-none\"><img decoding=\"async\" width=\"100\" height=\"100\" title=\"vattenskarning\" src=\"https:\/\/www.progatec.se\/wp-content\/uploads\/2014\/10\/vattenskarning.png\" alt class=\"img-responsive wp-image-1054\" srcset=\"https:\/\/www.progatec.se\/wp-content\/uploads\/2014\/10\/vattenskarning-66x66.png 66w, https:\/\/www.progatec.se\/wp-content\/uploads\/2014\/10\/vattenskarning.png 100w\" sizes=\"(max-width: 100px) 100vw, 100px\" \/><\/span><\/div><div class=\"fusion-title title fusion-title-4 fusion-sep-none fusion-title-center fusion-title-text fusion-title-size-two\"><h2 class=\"fusion-title-heading title-heading-center\" style=\"margin:0;\">Laser cutting<\/h2><\/div><div class=\"fusion-text fusion-text-4\"><p style=\"text-align: center;\">In laser cutting a thin beam of laser is used in order to heat the material until it melts or evaporates. Progatec have chosen a Fibre laser which means an extremely small dot size and an incredible speed (up to 140 m\/min) when used on thinner metal sheets.<\/p>\n<\/div><div style=\"text-align:center;\"><a class=\"fusion-button button-flat fusion-button-default-size button-default fusion-button-default button-4 fusion-button-default-span fusion-button-default-type\" target=\"_self\" href=\"https:\/\/www.progatec.se\/en\/laser-cutting\/\"><span class=\"fusion-button-text awb-button__text awb-button__text--default\">Read more<\/span><\/a><\/div><\/div><\/div><\/div><\/div>\n","protected":false},"excerpt":{"rendered":"","protected":false},"author":3,"featured_media":0,"parent":0,"menu_order":0,"comment_status":"closed","ping_status":"closed","template":"100-width.php","meta":{"footnotes":""},"class_list":["post-1595","page","type-page","status-publish","hentry"],"yoast_head":"<!-- This site is optimized with the Yoast SEO plugin v25.6 - https:\/\/yoast.com\/wordpress\/plugins\/seo\/ -->\n<title>Surface Treatment Solutions | Progatec<\/title>\n<meta name=\"description\" content=\"Progatec AB \u00e4r ett modernt verkstadsf\u00f6retag med lokaler bel\u00e4gna i Norrk\u00f6ping. Vi arbetar fr\u00e4mst med utveckling, tillverkning och installation av helautomatiska varmf\u00f6rzinkningsanl\u00e4ggningar. Progatec AB is a modern engineering company with facilities located in Norrk\u00f6ping. We work primarily with the development, manufacture and installation of fully automatic zink plating plants.\" \/>\n<meta name=\"robots\" content=\"index, follow, max-snippet:-1, max-image-preview:large, max-video-preview:-1\" \/>\n<link rel=\"canonical\" href=\"https:\/\/www.progatec.se\/en\/\" \/>\n<meta property=\"og:locale\" content=\"en_US\" \/>\n<meta property=\"og:type\" content=\"article\" \/>\n<meta property=\"og:title\" content=\"Surface Treatment Solutions | Progatec\" \/>\n<meta property=\"og:description\" content=\"Progatec AB \u00e4r ett modernt verkstadsf\u00f6retag med lokaler bel\u00e4gna i Norrk\u00f6ping. Vi arbetar fr\u00e4mst med utveckling, tillverkning och installation av helautomatiska varmf\u00f6rzinkningsanl\u00e4ggningar. Progatec AB is a modern engineering company with facilities located in Norrk\u00f6ping. We work primarily with the development, manufacture and installation of fully automatic zink plating plants.\" \/>\n<meta property=\"og:url\" content=\"https:\/\/www.progatec.se\/en\/\" \/>\n<meta property=\"og:site_name\" content=\"Progatec\" \/>\n<meta property=\"article:modified_time\" content=\"2020-06-24T11:51:06+00:00\" \/>\n<meta property=\"og:image\" content=\"https:\/\/www.progatec.se\/wp-content\/uploads\/2014\/10\/produktion.png\" \/>\n<meta name=\"twitter:label1\" content=\"Est. reading time\" \/>\n\t<meta name=\"twitter:data1\" content=\"7 minutes\" \/>\n<script type=\"application\/ld+json\" class=\"yoast-schema-graph\">{\"@context\":\"https:\/\/schema.org\",\"@graph\":[{\"@type\":\"WebPage\",\"@id\":\"https:\/\/www.progatec.se\/en\/\",\"url\":\"https:\/\/www.progatec.se\/en\/\",\"name\":\"Surface Treatment Solutions | Progatec\",\"isPartOf\":{\"@id\":\"https:\/\/www.progatec.se\/#website\"},\"primaryImageOfPage\":{\"@id\":\"https:\/\/www.progatec.se\/en\/#primaryimage\"},\"image\":{\"@id\":\"https:\/\/www.progatec.se\/en\/#primaryimage\"},\"thumbnailUrl\":\"https:\/\/www.progatec.se\/wp-content\/uploads\/2014\/10\/produktion.png\",\"datePublished\":\"2014-02-06T10:48:52+00:00\",\"dateModified\":\"2020-06-24T11:51:06+00:00\",\"description\":\"Progatec AB \u00e4r ett modernt verkstadsf\u00f6retag med lokaler bel\u00e4gna i Norrk\u00f6ping. Vi arbetar fr\u00e4mst med utveckling, tillverkning och installation av helautomatiska varmf\u00f6rzinkningsanl\u00e4ggningar. Progatec AB is a modern engineering company with facilities located in Norrk\u00f6ping. We work primarily with the development, manufacture and installation of fully automatic zink plating plants.\",\"breadcrumb\":{\"@id\":\"https:\/\/www.progatec.se\/en\/#breadcrumb\"},\"inLanguage\":\"en-US\",\"potentialAction\":[{\"@type\":\"ReadAction\",\"target\":[\"https:\/\/www.progatec.se\/en\/\"]}]},{\"@type\":\"ImageObject\",\"inLanguage\":\"en-US\",\"@id\":\"https:\/\/www.progatec.se\/en\/#primaryimage\",\"url\":\"https:\/\/www.progatec.se\/wp-content\/uploads\/2014\/10\/produktion.png\",\"contentUrl\":\"https:\/\/www.progatec.se\/wp-content\/uploads\/2014\/10\/produktion.png\"},{\"@type\":\"BreadcrumbList\",\"@id\":\"https:\/\/www.progatec.se\/en\/#breadcrumb\",\"itemListElement\":[{\"@type\":\"ListItem\",\"position\":1,\"name\":\"Hem\",\"item\":\"https:\/\/www.progatec.se\/en\/\"},{\"@type\":\"ListItem\",\"position\":2,\"name\":\"Home\"}]},{\"@type\":\"WebSite\",\"@id\":\"https:\/\/www.progatec.se\/#website\",\"url\":\"https:\/\/www.progatec.se\/\",\"name\":\"Progatec\",\"description\":\"Surface Treatment Solutions\",\"publisher\":{\"@id\":\"https:\/\/www.progatec.se\/#organization\"},\"potentialAction\":[{\"@type\":\"SearchAction\",\"target\":{\"@type\":\"EntryPoint\",\"urlTemplate\":\"https:\/\/www.progatec.se\/?s={search_term_string}\"},\"query-input\":{\"@type\":\"PropertyValueSpecification\",\"valueRequired\":true,\"valueName\":\"search_term_string\"}}],\"inLanguage\":\"en-US\"},{\"@type\":\"Organization\",\"@id\":\"https:\/\/www.progatec.se\/#organization\",\"name\":\"Progatec\",\"url\":\"https:\/\/www.progatec.se\/\",\"logo\":{\"@type\":\"ImageObject\",\"inLanguage\":\"en-US\",\"@id\":\"https:\/\/www.progatec.se\/#\/schema\/logo\/image\/\",\"url\":\"https:\/\/www.progatec.se\/wp-content\/uploads\/2014\/01\/progatec_logo_2x1.png\",\"contentUrl\":\"https:\/\/www.progatec.se\/wp-content\/uploads\/2014\/01\/progatec_logo_2x1.png\",\"width\":600,\"height\":119,\"caption\":\"Progatec\"},\"image\":{\"@id\":\"https:\/\/www.progatec.se\/#\/schema\/logo\/image\/\"}}]}<\/script>\n<!-- \/ Yoast SEO plugin. -->","yoast_head_json":{"title":"Surface Treatment Solutions | Progatec","description":"Progatec AB \u00e4r ett modernt verkstadsf\u00f6retag med lokaler bel\u00e4gna i Norrk\u00f6ping. Vi arbetar fr\u00e4mst med utveckling, tillverkning och installation av helautomatiska varmf\u00f6rzinkningsanl\u00e4ggningar. Progatec AB is a modern engineering company with facilities located in Norrk\u00f6ping. We work primarily with the development, manufacture and installation of fully automatic zink plating plants.","robots":{"index":"index","follow":"follow","max-snippet":"max-snippet:-1","max-image-preview":"max-image-preview:large","max-video-preview":"max-video-preview:-1"},"canonical":"https:\/\/www.progatec.se\/en\/","og_locale":"en_US","og_type":"article","og_title":"Surface Treatment Solutions | Progatec","og_description":"Progatec AB \u00e4r ett modernt verkstadsf\u00f6retag med lokaler bel\u00e4gna i Norrk\u00f6ping. Vi arbetar fr\u00e4mst med utveckling, tillverkning och installation av helautomatiska varmf\u00f6rzinkningsanl\u00e4ggningar. Progatec AB is a modern engineering company with facilities located in Norrk\u00f6ping. We work primarily with the development, manufacture and installation of fully automatic zink plating plants.","og_url":"https:\/\/www.progatec.se\/en\/","og_site_name":"Progatec","article_modified_time":"2020-06-24T11:51:06+00:00","og_image":[{"url":"https:\/\/www.progatec.se\/wp-content\/uploads\/2014\/10\/produktion.png","type":"","width":"","height":""}],"twitter_misc":{"Est. reading time":"7 minutes"},"schema":{"@context":"https:\/\/schema.org","@graph":[{"@type":"WebPage","@id":"https:\/\/www.progatec.se\/en\/","url":"https:\/\/www.progatec.se\/en\/","name":"Surface Treatment Solutions | Progatec","isPartOf":{"@id":"https:\/\/www.progatec.se\/#website"},"primaryImageOfPage":{"@id":"https:\/\/www.progatec.se\/en\/#primaryimage"},"image":{"@id":"https:\/\/www.progatec.se\/en\/#primaryimage"},"thumbnailUrl":"https:\/\/www.progatec.se\/wp-content\/uploads\/2014\/10\/produktion.png","datePublished":"2014-02-06T10:48:52+00:00","dateModified":"2020-06-24T11:51:06+00:00","description":"Progatec AB \u00e4r ett modernt verkstadsf\u00f6retag med lokaler bel\u00e4gna i Norrk\u00f6ping. Vi arbetar fr\u00e4mst med utveckling, tillverkning och installation av helautomatiska varmf\u00f6rzinkningsanl\u00e4ggningar. Progatec AB is a modern engineering company with facilities located in Norrk\u00f6ping. We work primarily with the development, manufacture and installation of fully automatic zink plating plants.","breadcrumb":{"@id":"https:\/\/www.progatec.se\/en\/#breadcrumb"},"inLanguage":"en-US","potentialAction":[{"@type":"ReadAction","target":["https:\/\/www.progatec.se\/en\/"]}]},{"@type":"ImageObject","inLanguage":"en-US","@id":"https:\/\/www.progatec.se\/en\/#primaryimage","url":"https:\/\/www.progatec.se\/wp-content\/uploads\/2014\/10\/produktion.png","contentUrl":"https:\/\/www.progatec.se\/wp-content\/uploads\/2014\/10\/produktion.png"},{"@type":"BreadcrumbList","@id":"https:\/\/www.progatec.se\/en\/#breadcrumb","itemListElement":[{"@type":"ListItem","position":1,"name":"Hem","item":"https:\/\/www.progatec.se\/en\/"},{"@type":"ListItem","position":2,"name":"Home"}]},{"@type":"WebSite","@id":"https:\/\/www.progatec.se\/#website","url":"https:\/\/www.progatec.se\/","name":"Progatec","description":"Surface Treatment Solutions","publisher":{"@id":"https:\/\/www.progatec.se\/#organization"},"potentialAction":[{"@type":"SearchAction","target":{"@type":"EntryPoint","urlTemplate":"https:\/\/www.progatec.se\/?s={search_term_string}"},"query-input":{"@type":"PropertyValueSpecification","valueRequired":true,"valueName":"search_term_string"}}],"inLanguage":"en-US"},{"@type":"Organization","@id":"https:\/\/www.progatec.se\/#organization","name":"Progatec","url":"https:\/\/www.progatec.se\/","logo":{"@type":"ImageObject","inLanguage":"en-US","@id":"https:\/\/www.progatec.se\/#\/schema\/logo\/image\/","url":"https:\/\/www.progatec.se\/wp-content\/uploads\/2014\/01\/progatec_logo_2x1.png","contentUrl":"https:\/\/www.progatec.se\/wp-content\/uploads\/2014\/01\/progatec_logo_2x1.png","width":600,"height":119,"caption":"Progatec"},"image":{"@id":"https:\/\/www.progatec.se\/#\/schema\/logo\/image\/"}}]}},"_links":{"self":[{"href":"https:\/\/www.progatec.se\/en\/wp-json\/wp\/v2\/pages\/1595","targetHints":{"allow":["GET"]}}],"collection":[{"href":"https:\/\/www.progatec.se\/en\/wp-json\/wp\/v2\/pages"}],"about":[{"href":"https:\/\/www.progatec.se\/en\/wp-json\/wp\/v2\/types\/page"}],"author":[{"embeddable":true,"href":"https:\/\/www.progatec.se\/en\/wp-json\/wp\/v2\/users\/3"}],"replies":[{"embeddable":true,"href":"https:\/\/www.progatec.se\/en\/wp-json\/wp\/v2\/comments?post=1595"}],"version-history":[{"count":20,"href":"https:\/\/www.progatec.se\/en\/wp-json\/wp\/v2\/pages\/1595\/revisions"}],"predecessor-version":[{"id":2164,"href":"https:\/\/www.progatec.se\/en\/wp-json\/wp\/v2\/pages\/1595\/revisions\/2164"}],"wp:attachment":[{"href":"https:\/\/www.progatec.se\/en\/wp-json\/wp\/v2\/media?parent=1595"}],"curies":[{"name":"wp","href":"https:\/\/api.w.org\/{rel}","templated":true}]}}