{"id":1839,"date":"2014-02-06T14:10:47","date_gmt":"2014-02-06T13:10:47","guid":{"rendered":"https:\/\/www.progatec.se\/?page_id=1839"},"modified":"2022-09-20T10:25:38","modified_gmt":"2022-09-20T08:25:38","slug":"contact-us","status":"publish","type":"page","link":"https:\/\/www.progatec.se\/en\/our-company\/contact-us\/","title":{"rendered":"Contact us"},"content":{"rendered":"<div class=\"fusion-fullwidth fullwidth-box fusion-builder-row-1 fusion-flex-container nonhundred-percent-fullwidth non-hundred-percent-height-scrolling\" style=\"--awb-background-position:left top;--awb-border-sizes-top:0px;--awb-border-sizes-bottom:0px;--awb-border-sizes-left:0px;--awb-border-sizes-right:0px;--awb-border-radius-top-left:0px;--awb-border-radius-top-right:0px;--awb-border-radius-bottom-right:0px;--awb-border-radius-bottom-left:0px;--awb-padding-top:20px;--awb-padding-bottom:20px;--awb-flex-wrap:wrap;\" ><div class=\"fusion-builder-row fusion-row fusion-flex-align-items-flex-start fusion-flex-content-wrap\" style=\"max-width:1144px;margin-left: calc(-4% \/ 2 );margin-right: calc(-4% \/ 2 );\"><div class=\"fusion-layout-column fusion_builder_column fusion-builder-column-0 fusion_builder_column_1_2 1_2 fusion-flex-column\" style=\"--awb-bg-size:cover;--awb-width-large:50%;--awb-margin-top-large:0px;--awb-spacing-right-large:3.84%;--awb-margin-bottom-large:20px;--awb-spacing-left-large:3.84%;--awb-width-medium:50%;--awb-spacing-right-medium:3.84%;--awb-spacing-left-medium:3.84%;--awb-width-small:100%;--awb-spacing-right-small:1.92%;--awb-spacing-left-small:1.92%;\"><div class=\"fusion-column-wrapper fusion-flex-justify-content-flex-start fusion-content-layout-column\"><div class=\"fusion-text fusion-text-1\"><h1>Contact us<\/h1>\n<p><em>Michael Steen<\/em>, \u00a0<em>Managing Director, Founder<\/em><br \/>\n+46 11 172601<br \/>\n<a style=\"line-height: 1.5em;\" href=\"mailto:michael.steen@progatec.se\">michael.steen@progatec.se<\/a><\/p>\n<p><em>Emma Steen<\/em>, \u00a0<em>Key Account Manager<\/em><br \/>\n+46 11 172608<br \/>\n<a style=\"line-height: 1.5em;\" href=\"mailto:emma.steen@progatec.se\">emma.steen@progatec.se<\/a><\/p>\n<h2>LEGO-Manufacturing<\/h2>\n<p><b><\/b><em>Jonas Hjelm<\/em>, Administration\/Purchasing<br \/>\n+46 11 172601<br \/>\n<a href=\"mailto:jonas@progatec.se\">jonas@progatec.se<\/a><\/p>\n<p><em>Mats Bohlin<\/em>,\u00a0Waterjet Cutting<br \/>\n+46 11 172603<br \/>\n<a href=\"mailto:mats@progatec.se\">mats@progatec.se<\/a><\/p>\n<p><em>Christoffer \u00c5hs,<\/em> Project\u00a0Manager<br \/>\n+46 11 172604<br \/>\n<a href=\"mailto:christoffer@progatec.se\">christoffer@progatec.se<\/a><\/p>\n<\/div><\/div><\/div><div class=\"fusion-layout-column fusion_builder_column fusion-builder-column-1 fusion_builder_column_1_2 1_2 fusion-flex-column\" style=\"--awb-bg-size:cover;--awb-width-large:50%;--awb-margin-top-large:0px;--awb-spacing-right-large:3.84%;--awb-margin-bottom-large:20px;--awb-spacing-left-large:3.84%;--awb-width-medium:50%;--awb-spacing-right-medium:3.84%;--awb-spacing-left-medium:3.84%;--awb-width-small:100%;--awb-spacing-right-small:1.92%;--awb-spacing-left-small:1.92%;\"><div class=\"fusion-column-wrapper fusion-flex-justify-content-flex-start fusion-content-layout-column\"><div class=\"fusion-text fusion-text-2\"><h2>Surface treatment plant<\/h2>\n<p><strong>Swedish\u00a0\/ English<\/strong><br \/>\n<em>Emma Ste\u00e9n<\/em>, Progatec AB<br \/>\n+46 11 17 26 08<br \/>\n<a href=\"mailto:emma@progatec.se\">emma@progatec.se<\/a><\/p>\n<p><b>German\u00a0\/ French<br \/>\n<\/b><em>Nils-Erik Faulhaber<\/em>, C. H. Evensen Industriovner AS<br \/>\n<a style=\"line-height: 1.5em;\" href=\"mailto:nils@che.no\">nils@che.no<\/a><\/p>\n<p><b>Russian<br \/>\n<\/b><em>Kirill Saburov<\/em>, Bang &amp; Bonsomer<br \/>\nsaburov.kirill@gmail.com<\/p>\n<p><b>Finnish<\/b><br \/>\n<em>Timo J\u00e4rvinen<\/em>, Progatec AB<br \/>\n<a href=\"mailto:timo.jarvinen@progatec.se\">timo.jarvinen@progatec.se<\/a><\/p>\n<\/div><\/div><\/div><div class=\"fusion-layout-column fusion_builder_column fusion-builder-column-2 fusion_builder_column_1_1 1_1 fusion-flex-column fusion-flex-align-self-flex-start fusion-column-no-min-height\" style=\"--awb-bg-size:cover;--awb-width-large:100%;--awb-margin-top-large:0px;--awb-spacing-right-large:1.92%;--awb-margin-bottom-large:0px;--awb-spacing-left-large:1.92%;--awb-width-medium:100%;--awb-spacing-right-medium:1.92%;--awb-spacing-left-medium:1.92%;--awb-width-small:100%;--awb-spacing-right-small:1.92%;--awb-spacing-left-small:1.92%;\"><div class=\"fusion-column-wrapper fusion-flex-justify-content-flex-start fusion-content-layout-column\"><div class=\"fusion-separator fusion-full-width-sep\" style=\"align-self: center;margin-left: auto;margin-right: auto;margin-top:40px;width:100%;\"><\/div><\/div><\/div><div class=\"fusion-layout-column fusion_builder_column fusion-builder-column-3 fusion_builder_column_1_1 1_1 fusion-flex-column fusion-flex-align-self-flex-start fusion-column-no-min-height\" style=\"--awb-bg-size:cover;--awb-width-large:100%;--awb-margin-top-large:0px;--awb-spacing-right-large:1.92%;--awb-margin-bottom-large:0px;--awb-spacing-left-large:1.92%;--awb-width-medium:100%;--awb-spacing-right-medium:1.92%;--awb-spacing-left-medium:1.92%;--awb-width-small:100%;--awb-spacing-right-small:1.92%;--awb-spacing-left-small:1.92%;\"><div class=\"fusion-column-wrapper fusion-flex-justify-content-flex-start fusion-content-layout-column\">\t\t\t\t\t<script type=\"text\/javascript\">\n\t\t\t\t\t\tvar map_fusion_map_69df30b761883;\n\t\t\t\t\t\tvar markers = [];\n\t\t\t\t\t\tvar counter = 0;\n\t\t\t\t\t\t\t\t\t\t\t\t\t\t\t\t\t\t\t\tvar fusionMapNonce = 'b4e1bb940e';\n\t\t\t\t\t\t\t\t\t\t\t\tfunction fusion_run_map_fusion_map_69df30b761883() {\n\t\t\t\t\t\t\tjQuery ('#fusion_map_69df30b761883' ).fusion_maps( {\n\t\t\t\t\t\t\t\taddresses: [{\"address\":\"Herrebro G\\u00e5rd 6, 605 97 Norrk\\u00f6ping\",\"infobox_content\":\"Herrebro G\\u00e5rd 6 \",\"marker\":\"\\\/wp-content\\\/uploads\\\/2014\\\/09\\\/map_pin_progatec.png\",\"coordinates\":false,\"cache\":true,\"latitude\":\"58.57599769999999\",\"longitude\":\"16.104042700000036\"}],\n\t\t\t\t\t\t\t\tanimations: true,\n\t\t\t\t\t\t\t\tinfobox_background_color: '',\n\t\t\t\t\t\t\t\tinfobox_styling: 'default',\n\t\t\t\t\t\t\t\tinfobox_text_color: '#008bd2',\n\t\t\t\t\t\t\t\tmap_style: 'custom',\n\t\t\t\t\t\t\t\tmap_type: 'roadmap',\n\t\t\t\t\t\t\t\tmarker_icon: '\/wp-content\/uploads\/2014\/09\/map_pin_progatec.png',\n\t\t\t\t\t\t\t\toverlay_color: '#84B8D2',\n\t\t\t\t\t\t\t\toverlay_color_hsl: {\"hue\":200,\"sat\":46,\"lum\":67},\n\t\t\t\t\t\t\t\tshow_address: true,\n\t\t\t\t\t\t\t\tscale_control: true,\n\t\t\t\t\t\t\t\tscrollwheel: true,\n\t\t\t\t\t\t\t\tzoom: 14,\n\t\t\t\t\t\t\t\tzoom_control: true,\n\t\t\t\t\t\t\t} );\n\t\t\t\t\t\t}\n\n\t\t\t\t\t\tgoogle.maps.event.addDomListener(window, 'load', fusion_run_map_fusion_map_69df30b761883);\n\t\t\t\t\t<\/script>\n\t\t\t\t\t<div class=\"shortcode-map fusion-google-map fusion-maps-js-type\" style=\"--awb-height:400px;\" id=\"fusion_map_69df30b761883\"><\/div><\/div><\/div><\/div><\/div>\n","protected":false},"excerpt":{"rendered":"","protected":false},"author":3,"featured_media":0,"parent":1828,"menu_order":3,"comment_status":"closed","ping_status":"closed","template":"side-navigation.php","meta":{"footnotes":""},"class_list":["post-1839","page","type-page","status-publish","hentry"],"yoast_head":"<!-- This site is optimized with the Yoast SEO plugin v25.6 - https:\/\/yoast.com\/wordpress\/plugins\/seo\/ -->\n<title>Contact us | Progatec<\/title>\n<meta name=\"description\" content=\"Du hittar oss p\u00e5 Herrebro G\u00e5rd 6, 605 97 NORRK\u00d6PING. V\u00e4lkommen!\" \/>\n<meta name=\"robots\" content=\"index, follow, max-snippet:-1, max-image-preview:large, max-video-preview:-1\" \/>\n<link rel=\"canonical\" href=\"https:\/\/www.progatec.se\/en\/our-company\/contact-us\/\" \/>\n<meta property=\"og:locale\" content=\"en_US\" \/>\n<meta property=\"og:type\" content=\"article\" \/>\n<meta property=\"og:title\" content=\"Contact us | Progatec\" \/>\n<meta property=\"og:description\" content=\"Du hittar oss p\u00e5 Herrebro G\u00e5rd 6, 605 97 NORRK\u00d6PING. V\u00e4lkommen!\" \/>\n<meta property=\"og:url\" content=\"https:\/\/www.progatec.se\/en\/our-company\/contact-us\/\" \/>\n<meta property=\"og:site_name\" content=\"Progatec\" \/>\n<meta property=\"article:modified_time\" content=\"2022-09-20T08:25:38+00:00\" \/>\n<meta name=\"twitter:label1\" content=\"Est. reading time\" \/>\n\t<meta name=\"twitter:data1\" content=\"2 minutes\" \/>\n<script type=\"application\/ld+json\" class=\"yoast-schema-graph\">{\"@context\":\"https:\/\/schema.org\",\"@graph\":[{\"@type\":\"WebPage\",\"@id\":\"https:\/\/www.progatec.se\/en\/our-company\/contact-us\/\",\"url\":\"https:\/\/www.progatec.se\/en\/our-company\/contact-us\/\",\"name\":\"Contact us | Progatec\",\"isPartOf\":{\"@id\":\"https:\/\/www.progatec.se\/#website\"},\"datePublished\":\"2014-02-06T13:10:47+00:00\",\"dateModified\":\"2022-09-20T08:25:38+00:00\",\"description\":\"Du hittar oss p\u00e5 Herrebro G\u00e5rd 6, 605 97 NORRK\u00d6PING. V\u00e4lkommen!\",\"breadcrumb\":{\"@id\":\"https:\/\/www.progatec.se\/en\/our-company\/contact-us\/#breadcrumb\"},\"inLanguage\":\"en-US\",\"potentialAction\":[{\"@type\":\"ReadAction\",\"target\":[\"https:\/\/www.progatec.se\/en\/our-company\/contact-us\/\"]}]},{\"@type\":\"BreadcrumbList\",\"@id\":\"https:\/\/www.progatec.se\/en\/our-company\/contact-us\/#breadcrumb\",\"itemListElement\":[{\"@type\":\"ListItem\",\"position\":1,\"name\":\"Hem\",\"item\":\"https:\/\/www.progatec.se\/en\/\"},{\"@type\":\"ListItem\",\"position\":2,\"name\":\"Our company\",\"item\":\"https:\/\/www.progatec.se\/en\/our-company\/\"},{\"@type\":\"ListItem\",\"position\":3,\"name\":\"Contact us\"}]},{\"@type\":\"WebSite\",\"@id\":\"https:\/\/www.progatec.se\/#website\",\"url\":\"https:\/\/www.progatec.se\/\",\"name\":\"Progatec\",\"description\":\"Surface Treatment Solutions\",\"publisher\":{\"@id\":\"https:\/\/www.progatec.se\/#organization\"},\"potentialAction\":[{\"@type\":\"SearchAction\",\"target\":{\"@type\":\"EntryPoint\",\"urlTemplate\":\"https:\/\/www.progatec.se\/?s={search_term_string}\"},\"query-input\":{\"@type\":\"PropertyValueSpecification\",\"valueRequired\":true,\"valueName\":\"search_term_string\"}}],\"inLanguage\":\"en-US\"},{\"@type\":\"Organization\",\"@id\":\"https:\/\/www.progatec.se\/#organization\",\"name\":\"Progatec\",\"url\":\"https:\/\/www.progatec.se\/\",\"logo\":{\"@type\":\"ImageObject\",\"inLanguage\":\"en-US\",\"@id\":\"https:\/\/www.progatec.se\/#\/schema\/logo\/image\/\",\"url\":\"https:\/\/www.progatec.se\/wp-content\/uploads\/2014\/01\/progatec_logo_2x1.png\",\"contentUrl\":\"https:\/\/www.progatec.se\/wp-content\/uploads\/2014\/01\/progatec_logo_2x1.png\",\"width\":600,\"height\":119,\"caption\":\"Progatec\"},\"image\":{\"@id\":\"https:\/\/www.progatec.se\/#\/schema\/logo\/image\/\"}}]}<\/script>\n<!-- \/ Yoast SEO plugin. -->","yoast_head_json":{"title":"Contact us | Progatec","description":"Du hittar oss p\u00e5 Herrebro G\u00e5rd 6, 605 97 NORRK\u00d6PING. V\u00e4lkommen!","robots":{"index":"index","follow":"follow","max-snippet":"max-snippet:-1","max-image-preview":"max-image-preview:large","max-video-preview":"max-video-preview:-1"},"canonical":"https:\/\/www.progatec.se\/en\/our-company\/contact-us\/","og_locale":"en_US","og_type":"article","og_title":"Contact us | Progatec","og_description":"Du hittar oss p\u00e5 Herrebro G\u00e5rd 6, 605 97 NORRK\u00d6PING. V\u00e4lkommen!","og_url":"https:\/\/www.progatec.se\/en\/our-company\/contact-us\/","og_site_name":"Progatec","article_modified_time":"2022-09-20T08:25:38+00:00","twitter_misc":{"Est. reading time":"2 minutes"},"schema":{"@context":"https:\/\/schema.org","@graph":[{"@type":"WebPage","@id":"https:\/\/www.progatec.se\/en\/our-company\/contact-us\/","url":"https:\/\/www.progatec.se\/en\/our-company\/contact-us\/","name":"Contact us | Progatec","isPartOf":{"@id":"https:\/\/www.progatec.se\/#website"},"datePublished":"2014-02-06T13:10:47+00:00","dateModified":"2022-09-20T08:25:38+00:00","description":"Du hittar oss p\u00e5 Herrebro G\u00e5rd 6, 605 97 NORRK\u00d6PING. V\u00e4lkommen!","breadcrumb":{"@id":"https:\/\/www.progatec.se\/en\/our-company\/contact-us\/#breadcrumb"},"inLanguage":"en-US","potentialAction":[{"@type":"ReadAction","target":["https:\/\/www.progatec.se\/en\/our-company\/contact-us\/"]}]},{"@type":"BreadcrumbList","@id":"https:\/\/www.progatec.se\/en\/our-company\/contact-us\/#breadcrumb","itemListElement":[{"@type":"ListItem","position":1,"name":"Hem","item":"https:\/\/www.progatec.se\/en\/"},{"@type":"ListItem","position":2,"name":"Our company","item":"https:\/\/www.progatec.se\/en\/our-company\/"},{"@type":"ListItem","position":3,"name":"Contact us"}]},{"@type":"WebSite","@id":"https:\/\/www.progatec.se\/#website","url":"https:\/\/www.progatec.se\/","name":"Progatec","description":"Surface Treatment Solutions","publisher":{"@id":"https:\/\/www.progatec.se\/#organization"},"potentialAction":[{"@type":"SearchAction","target":{"@type":"EntryPoint","urlTemplate":"https:\/\/www.progatec.se\/?s={search_term_string}"},"query-input":{"@type":"PropertyValueSpecification","valueRequired":true,"valueName":"search_term_string"}}],"inLanguage":"en-US"},{"@type":"Organization","@id":"https:\/\/www.progatec.se\/#organization","name":"Progatec","url":"https:\/\/www.progatec.se\/","logo":{"@type":"ImageObject","inLanguage":"en-US","@id":"https:\/\/www.progatec.se\/#\/schema\/logo\/image\/","url":"https:\/\/www.progatec.se\/wp-content\/uploads\/2014\/01\/progatec_logo_2x1.png","contentUrl":"https:\/\/www.progatec.se\/wp-content\/uploads\/2014\/01\/progatec_logo_2x1.png","width":600,"height":119,"caption":"Progatec"},"image":{"@id":"https:\/\/www.progatec.se\/#\/schema\/logo\/image\/"}}]}},"_links":{"self":[{"href":"https:\/\/www.progatec.se\/en\/wp-json\/wp\/v2\/pages\/1839","targetHints":{"allow":["GET"]}}],"collection":[{"href":"https:\/\/www.progatec.se\/en\/wp-json\/wp\/v2\/pages"}],"about":[{"href":"https:\/\/www.progatec.se\/en\/wp-json\/wp\/v2\/types\/page"}],"author":[{"embeddable":true,"href":"https:\/\/www.progatec.se\/en\/wp-json\/wp\/v2\/users\/3"}],"replies":[{"embeddable":true,"href":"https:\/\/www.progatec.se\/en\/wp-json\/wp\/v2\/comments?post=1839"}],"version-history":[{"count":17,"href":"https:\/\/www.progatec.se\/en\/wp-json\/wp\/v2\/pages\/1839\/revisions"}],"predecessor-version":[{"id":3217,"href":"https:\/\/www.progatec.se\/en\/wp-json\/wp\/v2\/pages\/1839\/revisions\/3217"}],"up":[{"embeddable":true,"href":"https:\/\/www.progatec.se\/en\/wp-json\/wp\/v2\/pages\/1828"}],"wp:attachment":[{"href":"https:\/\/www.progatec.se\/en\/wp-json\/wp\/v2\/media?parent=1839"}],"curies":[{"name":"wp","href":"https:\/\/api.w.org\/{rel}","templated":true}]}}